{"id":5550,"date":"2024-12-19T22:06:55","date_gmt":"2024-12-19T22:06:55","guid":{"rendered":"https:\/\/dev.uwcstaging.co.uk\/estrategia-del-cmu\/"},"modified":"2025-03-17T11:45:49","modified_gmt":"2025-03-17T11:45:49","slug":"estrategia-del-cmu","status":"publish","type":"page","link":"https:\/\/dev.uwcstaging.co.uk\/es\/quienes-somos\/nuestra-estructura\/estrategia-del-cmu\/","title":{"rendered":"Estrategia del CMU"},"content":{"rendered":"\n\n\n<div style=\"--background-color:transparent;--width:100%;--max-width:80rem;--margin-top:0;--margin-right:auto;--margin-bottom:0;--margin-left:auto;--padding-top:0;--padding-right:0;--padding-bottom:0;--padding-left:0\" class=\"wp-block-studio14-blocks-section-block why-uwc__inner-wrapper\">\n<div style=\"--background-color:transparent;--width:100%;--max-width:;--margin-top:0;--margin-right:auto;--margin-bottom:0;--margin-left:auto;--padding-top:0;--padding-right:0;--padding-bottom:0;--padding-left:0\" class=\"wp-block-studio14-blocks-section-block why-uwc__inner\">\n<h4 class=\"wp-block-heading why-uwc__inner-title\" style=\"--custom-fontfamily:&quot;Source Serif 4&quot;, sans-serif\">Estrategia UWC 2030<\/h4>\n\n\n\n<div style=\"--background-color:transparent;--width:100%;--max-width:80rem;--margin-top:0;--margin-right:auto;--margin-bottom:0;--margin-left:auto;--padding-top:0;--padding-right:0;--padding-bottom:0;--padding-left:0\" class=\"wp-block-studio14-blocks-section-block why-uwc__inner-content\">\n<p class=\"\">Nuestra estrategia actual, <a href=\"https:\/\/drive.google.com\/file\/d\/1S4LcwhEzu5miqHKMRjb0dMihggEJ-uDb\/view?usp=sharing\" target=\"_blank\" rel=\"noreferrer noopener\"><strong>CMU 2030<\/strong><\/a>fue aprobada por el Consejo Internacional de los CMU el 22 de junio de 2024, tras un proceso de 18 meses que reuni\u00f3 voces de todas las comunidades de los CMU. Este enfoque altamente colaborativo nos permiti\u00f3 reflexionar sobre los progresos que hemos hecho con el <strong><a href=\"https:\/\/www.uwc.org\/uwcstrategy2018\" target=\"_blank\" rel=\"noreferrer noopener\">CMU 2018 y M\u00e1s All\u00e1<\/a><\/strong> y, al mismo tiempo, mirar hacia el futuro, hacia los retos y oportunidades que nos esperan a medida que el mundo cambia. Juntos, hemos imaginado el papel que desempe\u00f1ar\u00e1 el CMU en la configuraci\u00f3n de un futuro m\u00e1s pac\u00edfico y sostenible.  <\/p>\n\n\n\n<div style=\"--background-color:transparent;--width:100%;--max-width:;--margin-top:0;--margin-right:auto;--margin-bottom:0;--margin-left:auto;--padding-top:0;--padding-right:0;--padding-bottom:0;--padding-left:0\" class=\"wp-block-studio14-blocks-section-block\"><\/div>\n\n\n\n<div style=\"height:55px\" aria-hidden=\"true\" class=\"wp-block-spacer\"><\/div>\n\n\n\n<div class=\"wp-block-columns is-layout-flex wp-container-core-columns-is-layout-9d6595d7 wp-block-columns-is-layout-flex\">\n<div class=\"wp-block-column is-layout-flow wp-block-column-is-layout-flow\" style=\"flex-basis:33.33%\">\n<figure class=\"wp-block-image size-large\"><img loading=\"lazy\" decoding=\"async\" width=\"723\" height=\"1024\" src=\"https:\/\/dev.uwcstaging.co.uk\/wp-content\/uploads\/2025\/01\/image-723x1024.png\" alt=\"\" class=\"wp-image-3465\" srcset=\"https:\/\/dev.uwcstaging.co.uk\/wp-content\/uploads\/2025\/01\/image-723x1024.png 723w, https:\/\/dev.uwcstaging.co.uk\/wp-content\/uploads\/2025\/01\/image-212x300.png 212w, https:\/\/dev.uwcstaging.co.uk\/wp-content\/uploads\/2025\/01\/image-768x1088.png 768w, https:\/\/dev.uwcstaging.co.uk\/wp-content\/uploads\/2025\/01\/image.png 926w\" sizes=\"auto, (max-width: 723px) 100vw, 723px\" \/><\/figure>\n<\/div>\n\n\n\n<div class=\"wp-block-column is-layout-flow wp-block-column-is-layout-flow\" style=\"flex-basis:66.66%\">\n<p class=\"\">En los \u00faltimos seis a\u00f1os, hemos dedicado tiempo a centrarnos en nosotros mismos para cumplir tres prioridades b\u00e1sicas: buscar, educar e inspirar. Durante este tiempo, hemos reforzado nuestros comit\u00e9s nacionales, restaurado la confianza, la responsabilidad y la autonom\u00eda en la experiencia estudiantil y reavivado la pasi\u00f3n dentro de la comunidad del CMU por vivir nuestra misi\u00f3n.  <\/p>\n\n\n\n<div style=\"height:19px\" aria-hidden=\"true\" class=\"wp-block-spacer\"><\/div>\n\n\n\n<p class=\"\">Ahora, cuando miramos hacia 2030, estamos preparados para tomar lo que hemos construido y utilizarlo para afrontar los retos globales del ma\u00f1ana.<\/p>\n\n\n\n<div style=\"height:19px\" aria-hidden=\"true\" class=\"wp-block-spacer\"><\/div>\n\n\n\n<p class=\"\">El <strong><a href=\"https:\/\/drive.google.com\/file\/d\/1S4LcwhEzu5miqHKMRjb0dMihggEJ-uDb\/view?usp=sharing\" target=\"_blank\" rel=\"noreferrer noopener\">CMN 2030<\/a><\/strong> es audaz y ambiciosa. Estamos ampliando nuestro enfoque m\u00e1s all\u00e1 de proporcionar una educaci\u00f3n transformadora a nuestros alumnos. Nuestro objetivo es convertirnos en una voz verdaderamente global de la educaci\u00f3n basada en valores, arraigada en la diversidad, la paz, la sostenibilidad y nuestro compromiso de ofrecer ayuda econ\u00f3mica en funci\u00f3n de las necesidades.<\/p>\n<\/div>\n<\/div>\n\n\n\n<div style=\"height:33px\" aria-hidden=\"true\" class=\"wp-block-spacer\"><\/div>\n\n\n\n<div style=\"height:62px\" aria-hidden=\"true\" class=\"wp-block-spacer\"><\/div>\n\n\n\n<h6 class=\"wp-block-heading has-text-align-center\">Seg\u00fan un reciente estudio de la UNESCO sobre los principales retos a los que se enfrentar\u00e1n las sociedades pac\u00edficas en 2030, las soluciones relacionadas con la educaci\u00f3n ocupaban el primer lugar en siete de los 11 retos y estaban entre las cinco primeras en todos ellos.*<\/h6>\n\n\n\n<div style=\"height:23px\" aria-hidden=\"true\" class=\"wp-block-spacer\"><\/div>\n\n\n\n<p class=\"has-text-align-center\">*El<a href=\"https:\/\/unesdoc.unesco.org\/ark:\/48223\/pf0000375950.locale=en\" target=\"_blank\" rel=\"noreferrer noopener\">mundo en 2030, Informe de la Encuesta P\u00fablica, UNESCO, mayo de 2020<\/a><\/p>\n\n\n\n<div style=\"height:62px\" aria-hidden=\"true\" class=\"wp-block-spacer\"><\/div>\n\n\n\n<h5 class=\"wp-block-heading has-text-align-left\">Buscar, Educar, Conectar y Amplificar.  <\/h5>\n\n\n\n<div style=\"height:23px\" aria-hidden=\"true\" class=\"wp-block-spacer\"><\/div>\n\n\n\n<p class=\"has-text-align-left\">Estas cuatro palabras nos gu\u00edan ahora. Reflejan lo que m\u00e1s importa a nuestra diversa familia UWC: nuestro sistema \u00fanico de comit\u00e9s nacionales, que nos permite seleccionar a estudiantes de 157 pa\u00edses y territorios; nuestras 18 escuelas y facultades que abarcan cuatro continentes; nuestros m\u00e1s de 75.000 antiguos alumnos que tienen un impacto en todos los rincones del mundo; los inestimables socios y donantes que hacen posible nuestro trabajo; y UWC Internacional. Nuestra nueva estrategia tambi\u00e9n abre la puerta a a\u00fan m\u00e1s asociaciones y oportunidades en el \u00e1mbito de la educaci\u00f3n.<\/p>\n\n\n\n<div style=\"height:19px\" aria-hidden=\"true\" class=\"wp-block-spacer\"><\/div>\n\n\n\n<p class=\"has-text-align-left\">Nuestra <strong><a href=\"https:\/\/drive.google.com\/file\/d\/1S4LcwhEzu5miqHKMRjb0dMihggEJ-uDb\/view?usp=sharing\" target=\"_blank\" rel=\"noreferrer noopener\">CMU 2030<\/a><\/strong> nos ofrece un claro camino a seguir. Establece c\u00f3mo alcanzaremos nuestros objetivos y define las funciones de todos los implicados. La estrategia UWC 2030 no ofrece un enfoque \u00fanico para la misi\u00f3n y la experiencia de la UWC. Por el contrario, abrazamos la diversidad dentro de nuestro movimiento y nos aseguramos de que, aunque cada uno aportemos nuestra propia perspectiva, permanezcamos unidos por nuestra direcci\u00f3n y prop\u00f3sito estrat\u00e9gicos compartidos. Por eso nuestras escuelas, colegios y comit\u00e9s nacionales han adaptado estos principios y objetivos a sus propios contextos nacionales y culturales.<\/p>\n\n\n\n<div style=\"height:19px\" aria-hidden=\"true\" class=\"wp-block-spacer\"><\/div>\n\n\n\n<p class=\"has-text-align-left\">Animamos a todos los miembros de la comunidad UWC -y a cualquiera que comparta nuestros valores- a explorar la estrategia UWC 2030. Manteni\u00e9ndonos fieles a la misi\u00f3n y los valores que nos unen, podemos liderar la educaci\u00f3n para un futuro m\u00e1s pac\u00edfico y sostenible.  <\/p>\n<\/div>\n\n\n\n<div style=\"height:100px\" aria-hidden=\"true\" class=\"wp-block-spacer\"><\/div>\n\n\n\n<div class=\"wp-block-studio14-blocks-document-block\"><div class=\"scholarships-inner-download-card\"><article class=\"scholarships-inner__download-card\"><div class=\"scholarships-inner__download-card__content\"><svg focusable=\"false\" width=\"74\" height=\"74\" viewBox=\"0 0 74 74\" fill=\"none\" xmlns=\"http:\/\/www.w3.org\/2000\/svg\"><path d=\"M61.7611 23.8014L45.5736 7.61391C45.3587 7.39923 45.1036 7.229 44.8228 7.11294C44.5421 6.99688 44.2413 6.93726 43.9375 6.9375H16.1875C14.9609 6.9375 13.7845 7.42478 12.9171 8.29213C12.0498 9.15949 11.5625 10.3359 11.5625 11.5625V62.4375C11.5625 63.6641 12.0498 64.8405 12.9171 65.7079C13.7845 66.5752 14.9609 67.0625 16.1875 67.0625H57.8125C59.0391 67.0625 60.2155 66.5752 61.0829 65.7079C61.9502 64.8405 62.4375 63.6641 62.4375 62.4375V25.4375C62.4377 25.1337 62.3781 24.8329 62.2621 24.5522C62.146 24.2714 61.9758 24.0163 61.7611 23.8014ZM46.25 14.8318L54.5432 23.125H46.25V14.8318ZM57.8125 62.4375H16.1875V11.5625H41.625V25.4375C41.625 26.0508 41.8686 26.639 42.3023 27.0727C42.736 27.5064 43.3242 27.75 43.9375 27.75H57.8125V62.4375Z\" fill=\"#009482\"><\/path><\/svg><div class=\"scholarships-inner__download-card__text\"><p class=\"scholarships-inner__download-card__title\">UWC 2030 Strategy<\/p><p class=\"scholarships-inner__download-card__description\">Strengthening our movement and scaling our impact<\/p><\/div><\/div><a download class=\"scholarships-inner__download-card__link\" href=\"\" target=\"_self\" rel=\"\" title=\"UWC 2030 Strategy\"><svg focusable=\"false\" width=\"35\" height=\"35\" viewBox=\"0 0 35 35\" fill=\"none\" xmlns=\"http:\/\/www.w3.org\/2000\/svg\"><path d=\"M33.858 22.3697V32.7176C33.858 33.7828 33.0211 34.6197 31.9558 34.6197H3.0428C1.97758 34.6197 1.14062 33.7828 1.14062 32.7176V22.3697C1.14062 21.3045 1.97758 20.4676 3.0428 20.4676C4.10802 20.4676 4.94497 21.3045 4.94497 22.3697V30.8154H30.0537V22.3697C30.0537 21.3045 30.8906 20.4676 31.9558 20.4676C33.0211 20.4676 33.858 21.3045 33.858 22.3697ZM16.1298 24.7284C16.4721 25.1089 16.9667 25.2991 17.4993 25.2991C18.0319 25.2991 18.4884 25.1089 18.8689 24.7284L26.4395 16.9676C27.1624 16.2067 27.1624 15.0274 26.4015 14.2665C25.6406 13.5437 24.4613 13.5437 23.7004 14.3045L19.4015 18.7556V2.28279C19.4015 1.21757 18.5645 0.380615 17.4993 0.380615C16.4341 0.380615 15.5971 1.21757 15.5971 2.28279V18.7556L11.2602 14.3426C10.5374 13.5817 9.31997 13.5817 8.5591 14.3045C7.79823 15.0274 7.79823 16.2447 8.52106 17.0056L16.1298 24.7284Z\" fill=\"white\"><\/path><\/svg><span class=\"sr-only\">Download<\/span><\/a><\/article><\/div><\/div>\n<\/div>\n<\/div>\n","protected":false},"excerpt":{"rendered":"","protected":false},"author":1,"featured_media":0,"parent":5616,"menu_order":0,"comment_status":"closed","ping_status":"closed","template":"","meta":{"_acf_changed":false,"subsite_url":"","footnotes":""},"class_list":["post-5550","page","type-page","status-publish","hentry"],"acf":[],"yoast_head":"<!-- This site is optimized with the Yoast SEO Premium plugin v25.7.1 (Yoast SEO v25.9) - https:\/\/yoast.com\/wordpress\/plugins\/seo\/ -->\n<title>Estrategia del CMU - United World College<\/title>\n<meta name=\"robots\" content=\"noindex, follow, max-snippet:-1, max-image-preview:large, max-video-preview:-1\" \/>\n<meta property=\"og:locale\" content=\"es_ES\" \/>\n<meta property=\"og:type\" content=\"article\" \/>\n<meta property=\"og:title\" content=\"Estrategia del CMU\" \/>\n<meta property=\"og:url\" content=\"https:\/\/dev.uwcstaging.co.uk\/es\/quienes-somos\/nuestra-estructura\/estrategia-del-cmu\/\" \/>\n<meta property=\"og:site_name\" content=\"United World College\" \/>\n<meta property=\"article:modified_time\" content=\"2025-03-17T11:45:49+00:00\" \/>\n<meta property=\"og:image\" content=\"https:\/\/dev.uwcstaging.co.uk\/wp-content\/uploads\/2025\/01\/image-723x1024.png\" \/>\n<meta name=\"twitter:card\" content=\"summary_large_image\" \/>\n<meta name=\"twitter:label1\" content=\"Tiempo de lectura\" \/>\n\t<meta name=\"twitter:data1\" content=\"3 minutos\" \/>\n<script type=\"application\/ld+json\" class=\"yoast-schema-graph\">{\"@context\":\"https:\/\/schema.org\",\"@graph\":[{\"@type\":\"WebPage\",\"@id\":\"https:\/\/dev.uwcstaging.co.uk\/es\/quienes-somos\/nuestra-estructura\/estrategia-del-cmu\/\",\"url\":\"https:\/\/dev.uwcstaging.co.uk\/es\/quienes-somos\/nuestra-estructura\/estrategia-del-cmu\/\",\"name\":\"Estrategia del CMU - United World College\",\"isPartOf\":{\"@id\":\"https:\/\/dev.uwcstaging.co.uk\/es\/#website\"},\"primaryImageOfPage\":{\"@id\":\"https:\/\/dev.uwcstaging.co.uk\/es\/quienes-somos\/nuestra-estructura\/estrategia-del-cmu\/#primaryimage\"},\"image\":{\"@id\":\"https:\/\/dev.uwcstaging.co.uk\/es\/quienes-somos\/nuestra-estructura\/estrategia-del-cmu\/#primaryimage\"},\"thumbnailUrl\":\"https:\/\/dev.uwcstaging.co.uk\/wp-content\/uploads\/2025\/01\/image-723x1024.png\",\"datePublished\":\"2024-12-19T22:06:55+00:00\",\"dateModified\":\"2025-03-17T11:45:49+00:00\",\"breadcrumb\":{\"@id\":\"https:\/\/dev.uwcstaging.co.uk\/es\/quienes-somos\/nuestra-estructura\/estrategia-del-cmu\/#breadcrumb\"},\"inLanguage\":\"es\",\"potentialAction\":[{\"@type\":\"ReadAction\",\"target\":[\"https:\/\/dev.uwcstaging.co.uk\/es\/quienes-somos\/nuestra-estructura\/estrategia-del-cmu\/\"]}]},{\"@type\":\"ImageObject\",\"inLanguage\":\"es\",\"@id\":\"https:\/\/dev.uwcstaging.co.uk\/es\/quienes-somos\/nuestra-estructura\/estrategia-del-cmu\/#primaryimage\",\"url\":\"https:\/\/dev.uwcstaging.co.uk\/wp-content\/uploads\/2025\/01\/image-723x1024.png\",\"contentUrl\":\"https:\/\/dev.uwcstaging.co.uk\/wp-content\/uploads\/2025\/01\/image-723x1024.png\"},{\"@type\":\"BreadcrumbList\",\"@id\":\"https:\/\/dev.uwcstaging.co.uk\/es\/quienes-somos\/nuestra-estructura\/estrategia-del-cmu\/#breadcrumb\",\"itemListElement\":[{\"@type\":\"ListItem\",\"position\":1,\"name\":\"Home\",\"item\":\"https:\/\/dev.uwcstaging.co.uk\/es\/\"},{\"@type\":\"ListItem\",\"position\":2,\"name\":\"Estrategia del CMU\"}]},{\"@type\":\"WebSite\",\"@id\":\"https:\/\/dev.uwcstaging.co.uk\/es\/#website\",\"url\":\"https:\/\/dev.uwcstaging.co.uk\/es\/\",\"name\":\"United World College\",\"description\":\"\",\"potentialAction\":[{\"@type\":\"SearchAction\",\"target\":{\"@type\":\"EntryPoint\",\"urlTemplate\":\"https:\/\/dev.uwcstaging.co.uk\/es\/?s={search_term_string}\"},\"query-input\":{\"@type\":\"PropertyValueSpecification\",\"valueRequired\":true,\"valueName\":\"search_term_string\"}}],\"inLanguage\":\"es\"}]}<\/script>\n<!-- \/ Yoast SEO Premium plugin. -->","yoast_head_json":{"title":"Estrategia del CMU - United World College","robots":{"index":"noindex","follow":"follow","max-snippet":"max-snippet:-1","max-image-preview":"max-image-preview:large","max-video-preview":"max-video-preview:-1"},"og_locale":"es_ES","og_type":"article","og_title":"Estrategia del CMU","og_url":"https:\/\/dev.uwcstaging.co.uk\/es\/quienes-somos\/nuestra-estructura\/estrategia-del-cmu\/","og_site_name":"United World College","article_modified_time":"2025-03-17T11:45:49+00:00","og_image":[{"url":"https:\/\/dev.uwcstaging.co.uk\/wp-content\/uploads\/2025\/01\/image-723x1024.png","type":"","width":"","height":""}],"twitter_card":"summary_large_image","twitter_misc":{"Tiempo de lectura":"3 minutos"},"schema":{"@context":"https:\/\/schema.org","@graph":[{"@type":"WebPage","@id":"https:\/\/dev.uwcstaging.co.uk\/es\/quienes-somos\/nuestra-estructura\/estrategia-del-cmu\/","url":"https:\/\/dev.uwcstaging.co.uk\/es\/quienes-somos\/nuestra-estructura\/estrategia-del-cmu\/","name":"Estrategia del CMU - United World College","isPartOf":{"@id":"https:\/\/dev.uwcstaging.co.uk\/es\/#website"},"primaryImageOfPage":{"@id":"https:\/\/dev.uwcstaging.co.uk\/es\/quienes-somos\/nuestra-estructura\/estrategia-del-cmu\/#primaryimage"},"image":{"@id":"https:\/\/dev.uwcstaging.co.uk\/es\/quienes-somos\/nuestra-estructura\/estrategia-del-cmu\/#primaryimage"},"thumbnailUrl":"https:\/\/dev.uwcstaging.co.uk\/wp-content\/uploads\/2025\/01\/image-723x1024.png","datePublished":"2024-12-19T22:06:55+00:00","dateModified":"2025-03-17T11:45:49+00:00","breadcrumb":{"@id":"https:\/\/dev.uwcstaging.co.uk\/es\/quienes-somos\/nuestra-estructura\/estrategia-del-cmu\/#breadcrumb"},"inLanguage":"es","potentialAction":[{"@type":"ReadAction","target":["https:\/\/dev.uwcstaging.co.uk\/es\/quienes-somos\/nuestra-estructura\/estrategia-del-cmu\/"]}]},{"@type":"ImageObject","inLanguage":"es","@id":"https:\/\/dev.uwcstaging.co.uk\/es\/quienes-somos\/nuestra-estructura\/estrategia-del-cmu\/#primaryimage","url":"https:\/\/dev.uwcstaging.co.uk\/wp-content\/uploads\/2025\/01\/image-723x1024.png","contentUrl":"https:\/\/dev.uwcstaging.co.uk\/wp-content\/uploads\/2025\/01\/image-723x1024.png"},{"@type":"BreadcrumbList","@id":"https:\/\/dev.uwcstaging.co.uk\/es\/quienes-somos\/nuestra-estructura\/estrategia-del-cmu\/#breadcrumb","itemListElement":[{"@type":"ListItem","position":1,"name":"Home","item":"https:\/\/dev.uwcstaging.co.uk\/es\/"},{"@type":"ListItem","position":2,"name":"Estrategia del CMU"}]},{"@type":"WebSite","@id":"https:\/\/dev.uwcstaging.co.uk\/es\/#website","url":"https:\/\/dev.uwcstaging.co.uk\/es\/","name":"United World College","description":"","potentialAction":[{"@type":"SearchAction","target":{"@type":"EntryPoint","urlTemplate":"https:\/\/dev.uwcstaging.co.uk\/es\/?s={search_term_string}"},"query-input":{"@type":"PropertyValueSpecification","valueRequired":true,"valueName":"search_term_string"}}],"inLanguage":"es"}]}},"_links":{"self":[{"href":"https:\/\/dev.uwcstaging.co.uk\/es\/wp-json\/wp\/v2\/pages\/5550","targetHints":{"allow":["GET"]}}],"collection":[{"href":"https:\/\/dev.uwcstaging.co.uk\/es\/wp-json\/wp\/v2\/pages"}],"about":[{"href":"https:\/\/dev.uwcstaging.co.uk\/es\/wp-json\/wp\/v2\/types\/page"}],"author":[{"embeddable":true,"href":"https:\/\/dev.uwcstaging.co.uk\/es\/wp-json\/wp\/v2\/users\/1"}],"replies":[{"embeddable":true,"href":"https:\/\/dev.uwcstaging.co.uk\/es\/wp-json\/wp\/v2\/comments?post=5550"}],"version-history":[{"count":3,"href":"https:\/\/dev.uwcstaging.co.uk\/es\/wp-json\/wp\/v2\/pages\/5550\/revisions"}],"predecessor-version":[{"id":5571,"href":"https:\/\/dev.uwcstaging.co.uk\/es\/wp-json\/wp\/v2\/pages\/5550\/revisions\/5571"}],"up":[{"embeddable":true,"href":"https:\/\/dev.uwcstaging.co.uk\/es\/wp-json\/wp\/v2\/pages\/5616"}],"wp:attachment":[{"href":"https:\/\/dev.uwcstaging.co.uk\/es\/wp-json\/wp\/v2\/media?parent=5550"}],"curies":[{"name":"wp","href":"https:\/\/api.w.org\/{rel}","templated":true}]}}