{"id":5530,"date":"2024-09-18T15:08:52","date_gmt":"2024-09-18T14:08:52","guid":{"rendered":"https:\/\/dev.uwcstaging.co.uk\/quienes-somos\/que-es-el-cmu\/"},"modified":"2025-07-24T20:27:54","modified_gmt":"2025-07-24T19:27:54","slug":"que-es-el-cmu","status":"publish","type":"page","link":"https:\/\/dev.uwcstaging.co.uk\/es\/quienes-somos\/que-es-el-cmu\/","title":{"rendered":"\u00bfQu\u00e9 es el CMU?"},"content":{"rendered":"\n<div style=\"--background-color:transparent;--width:100%;--max-width:73.5rem;--margin-top:0;--margin-right:auto;--margin-bottom:0;--margin-left:auto;--padding-top:0;--padding-right:0;--padding-bottom:0;--padding-left:0\" class=\"wp-block-studio14-blocks-section-block\">\n<h4 class=\"wp-block-heading about-landing-heading\" style=\"--custom-fontfamily:&quot;Source Serif 4&quot;, sans-serif\">Colegios del Mundo Unido (CMU) es un movimiento global que hace de la educaci\u00f3n una fuerza para unir a personas, naciones y culturas en pro de la paz y de un futuro sostenible6.<\/h4>\n<\/div>\n\n<div style=\"--background-color:transparent;--width:100%;--max-width:90rem;--margin-top:0;--margin-right:auto;--margin-bottom:0;--margin-left:auto;--padding-top:0;--padding-right:8.625rem;--padding-right-mobile:1.625rem;--padding-bottom:0;--padding-left:8.625rem;--padding-left-mobile:1.625rem\" class=\"wp-block-studio14-blocks-section-block\">\n<div class=\"wp-block-studio14-blocks-columns-block has-2-columns\" style=\"--columns-desktop:2px;--columns-tablet:2px;--columns-mobile:1px;--column-gap-desktop:5.375rem;--column-gap-tablet:15px;--column-gap-mobile:10px;--justify-content-desktop:space-between;--justify-content-tablet:;--justify-content-mobile:;--align-items-desktop:center;--align-items-tablet:;--align-items-mobile:;--flex-direction-desktop:row;--flex-direction-tablet:row;--flex-direction-mobile:column\">\n<div style=\"--background-color:transparent;--width:;--max-width:;--margin-top:0;--margin-right:;--margin-bottom:0;--margin-left:;--padding-top:0;--padding-right:0;--padding-bottom:0;--padding-left:0\" class=\"wp-block-studio14-blocks-section-block about-landing-info-media is-video\">\n<figure class=\"wp-block-embed is-type-video is-provider-youtube wp-block-embed-youtube wp-embed-aspect-16-9 wp-has-aspect-ratio\"><div class=\"wp-block-embed__wrapper\">\n<iframe loading=\"lazy\" title=\"A UWC Education - SKOOL Short Film\" width=\"500\" height=\"281\" src=\"https:\/\/www.youtube.com\/embed\/IaKV8B9T4nY?feature=oembed\" frameborder=\"0\" allow=\"accelerometer; autoplay; clipboard-write; encrypted-media; gyroscope; picture-in-picture; web-share\" referrerpolicy=\"strict-origin-when-cross-origin\" allowfullscreen><\/iframe>\n<\/div><\/figure>\n<\/div>\n\n\n\n<div style=\"--background-color:transparent;--width:;--max-width:;--margin-top:0;--margin-right:auto;--margin-bottom:0;--margin-left:auto;--padding-top:0;--padding-right:0;--padding-bottom:0;--padding-left:0\" class=\"wp-block-studio14-blocks-section-block\">\n<h3 class=\"wp-block-heading about-landing-info-heading\" style=\"--custom-fontfamily:&quot;Source Serif 4&quot;, sans-serif\">Somos un movimiento verdaderamente global<\/h3>\n\n\n\n<p class=\"about-landing-info-body\">En la actualidad, el UWC est\u00e1 formado por 18 escuelas y colegios en cuatro continentes. La mayor\u00eda de ellos se centran en el grupo de edad de 16 a 19 a\u00f1os, aunque algunos tambi\u00e9n se dirigen a estudiantes m\u00e1s j\u00f3venes. Cada escuela tiene su propia ubicaci\u00f3n y car\u00e1cter \u00fanicos y se dedica a alimentar la energ\u00eda y el idealismo de los j\u00f3venes para convertirlos en empat\u00eda, responsabilidad y acci\u00f3n para toda la vida.<\/p>\n<\/div>\n<\/div>\n<\/div>\n\n<div style=\"--background-color:#dbfffb;--width:100%;--max-width:;--margin-top:0;--margin-right:auto;--margin-bottom:0;--margin-left:auto;--padding-top:0;--padding-right:0;--padding-bottom:0;--padding-left:0\" class=\"wp-block-studio14-blocks-section-block\">\n<div style=\"--background-color:transparent;--width:100%;--max-width:90rem;--margin-top:7.75rem;--margin-right:auto;--margin-bottom:0;--margin-left:auto;--padding-top:5.5rem;--padding-right:8.625rem;--padding-right-mobile:1.625rem;--padding-bottom:5.5rem;--padding-left:8.625rem;--padding-left-mobile:1.625rem\" class=\"wp-block-studio14-blocks-section-block\">\n<div class=\"wp-block-studio14-blocks-columns-block has-2-columns\" style=\"--columns-desktop:2px;--columns-tablet:2px;--columns-mobile:1px;--column-gap-desktop:6.75rem;--column-gap-tablet:15px;--column-gap-mobile:10px;--justify-content-desktop:;--justify-content-tablet:;--justify-content-mobile:;--align-items-desktop:center;--align-items-tablet:;--align-items-mobile:;--flex-direction-desktop:row;--flex-direction-tablet:row;--flex-direction-mobile:column\">\n<div style=\"--background-color:transparent;--width:;--max-width:;--margin-top:0;--margin-right:;--margin-bottom:0;--margin-left:;--padding-top:0;--padding-right:0;--padding-bottom:0;--padding-left:0\" class=\"wp-block-studio14-blocks-section-block\">\n<h2 class=\"wp-block-heading about-landing-info-heading\" style=\"--custom-fontfamily:&quot;Source Serif 4&quot;, sans-serif\"><strong>Somos selectivos, pero no exclusivos<\/strong><\/h2>\n<\/div>\n\n\n\n<div style=\"--background-color:transparent;--width:100%;--max-width:;--margin-top:0;--margin-right:auto;--margin-bottom:0;--margin-left:;--padding-top:0;--padding-right:0;--padding-bottom:0;--padding-left:0\" class=\"wp-block-studio14-blocks-section-block about-landing-textblock-body\">\n<p class=\"about-landing-info-body\">El UWC busca estudiantes compasivos e idealistas que se sientan impulsados a mejorar el mundo. Creemos que el dinero no debe ser un obst\u00e1culo para una buena educaci\u00f3n. M\u00e1s del 80% de los estudiantes seleccionados por los comit\u00e9s nacionales del CMU reciben ayuda econ\u00f3mica total o parcial, financiada por nuestros generosos colaboradores.<\/p>\n\n\n\n<p class=\"about-landing-info-body\">Nuestra Iniciativa para los Refugiados tambi\u00e9n lleva muchos a\u00f1os financiando becas completas a j\u00f3venes desplazados de zonas en conflicto. Fuera de la educaci\u00f3n formal, tambi\u00e9n ofrecemos programas educativos m\u00e1s breves sobre temas como el liderazgo, la igualdad y la sostenibilidad, dando acceso a m\u00e1s personas a una educaci\u00f3n UWC.<\/p>\n<\/div>\n<\/div>\n<\/div>\n<\/div>\n\n<div style=\"--background-color:transparent;--width:;--max-width:90rem;--margin-top:7rem;--margin-top-mobile:7rem;--margin-right:auto;--margin-bottom:0;--margin-left:auto;--padding-top:0;--padding-right:8.625rem;--padding-right-mobile:1.5rem;--padding-bottom:0;--padding-bottom-mobile:1px;--padding-left:8.625rem;--padding-left-mobile:15px\" class=\"wp-block-studio14-blocks-section-block\">\n<div class=\"wp-block-studio14-blocks-columns-block has-2-columns\" style=\"--columns-desktop:2px;--columns-tablet:2px;--columns-mobile:1px;--column-gap-desktop:5.375rem;--column-gap-tablet:15px;--column-gap-mobile:10px;--justify-content-desktop:space-between;--justify-content-tablet:;--justify-content-mobile:;--align-items-desktop:center;--align-items-tablet:;--align-items-mobile:;--flex-direction-desktop:row;--flex-direction-tablet:row;--flex-direction-mobile:column\">\n<div style=\"--background-color:transparent;--width:;--max-width:;--margin-top:0;--margin-right:auto;--margin-bottom:0;--margin-left:auto;--padding-top:0;--padding-right:0;--padding-bottom:0;--padding-left:0\" class=\"wp-block-studio14-blocks-section-block\">\n<h2 class=\"wp-block-heading about-landing-info-heading\" style=\"--custom-fontfamily:&quot;Source Serif 4&quot;, sans-serif;--custom-fontsize:2.5rem\">Somos deliberadamente diversos.<\/h2>\n\n\n\n<p class=\"about-landing-info-body\">Los comit\u00e9s nacionales de los CMU de m\u00e1s de 150 pa\u00edses y territorios pueden llegar a j\u00f3venes de diferentes or\u00edgenes, culturas y experiencias y seleccionarlos. Los alumnos de todas las escuelas hacen amigos de todo el mundo y adquieren un conocimiento m\u00e1s profundo de las distintas formas de pensar.<\/p>\n<\/div>\n\n\n\n<div style=\"--background-color:transparent;--width:;--max-width:;--margin-top:0;--margin-right:auto;--margin-bottom:0;--margin-left:auto;--padding-top:0;--padding-right:0;--padding-bottom:0;--padding-left:0\" class=\"wp-block-studio14-blocks-section-block about-landing-info-media\">\n<figure class=\"wp-block-image size-large is-resized\"><img decoding=\"async\" src=\"https:\/\/dev.uwcstaging.co.uk\/wp-content\/uploads\/2024\/09\/about-uwc-banner-1024x309.png\" alt=\"\" class=\"wp-image-483\" style=\"width:666px\"\/><\/figure>\n<\/div>\n<\/div>\n<\/div>\n\n<div style=\"--background-color:#edf5ff;--width:100%;--max-width:;--margin-top:0;--margin-right:auto;--margin-bottom:0;--margin-left:auto;--padding-top:0;--padding-right:0;--padding-bottom:0;--padding-left:0\" class=\"wp-block-studio14-blocks-section-block\">\n<div style=\"--background-color:transparent;--width:100%;--max-width:90rem;--margin-top:7.75rem;--margin-right:auto;--margin-bottom:0;--margin-left:auto;--padding-top:5.5rem;--padding-right:8.625rem;--padding-right-mobile:1.625rem;--padding-bottom:5.5rem;--padding-left:8.625rem;--padding-left-mobile:1.625rem\" class=\"wp-block-studio14-blocks-section-block\">\n<div class=\"wp-block-studio14-blocks-columns-block has-2-columns\" style=\"--columns-desktop:2px;--columns-tablet:2px;--columns-mobile:1px;--column-gap-desktop:6.75rem;--column-gap-tablet:15px;--column-gap-mobile:10px;--justify-content-desktop:;--justify-content-tablet:;--justify-content-mobile:;--align-items-desktop:center;--align-items-tablet:;--align-items-mobile:;--flex-direction-desktop:row;--flex-direction-tablet:row;--flex-direction-mobile:column\">\n<div style=\"--background-color:transparent;--width:;--max-width:;--margin-top:0;--margin-right:;--margin-bottom:0;--margin-left:;--padding-top:0;--padding-right:0;--padding-bottom:0;--padding-left:0\" class=\"wp-block-studio14-blocks-section-block\">\n<h2 class=\"wp-block-heading about-landing-info-heading\" style=\"--custom-fontfamily:&quot;Source Serif 4&quot;, sans-serif\"><strong>Somos selectivos, pero no exclusivos<\/strong><\/h2>\n<\/div>\n\n\n\n<div style=\"--background-color:transparent;--width:100%;--max-width:;--margin-top:0;--margin-right:auto;--margin-bottom:0;--margin-left:;--padding-top:0;--padding-right:0;--padding-bottom:0;--padding-left:0\" class=\"wp-block-studio14-blocks-section-block about-landing-textblock-body\">\n<p class=\"about-landing-info-body\">Los comit\u00e9s nacionales de los CMU de m\u00e1s de 150 pa\u00edses y territorios pueden llegar a j\u00f3venes de diferentes or\u00edgenes, culturas y experiencias y seleccionarlos. Los alumnos de todas las escuelas hacen amigos de todo el mundo y adquieren un conocimiento m\u00e1s profundo de las distintas formas de pensar.<\/p>\n\n\n\n<p class=\"about-landing-info-body\">Los comit\u00e9s nacionales de los CMU de m\u00e1s de 150 pa\u00edses y territorios pueden llegar a j\u00f3venes de diferentes or\u00edgenes, culturas y experiencias y seleccionarlos. Los alumnos de todas las escuelas hacen amigos de todo el mundo y adquieren un conocimiento m\u00e1s profundo de las distintas formas de pensar.<\/p>\n<\/div>\n<\/div>\n<\/div>\n<\/div>\n\n<div style=\"--background-color:#f8f8f8;--width:100%;--max-width:;--margin-top:0;--margin-right:auto;--margin-bottom:0;--margin-left:auto;--padding-top:7.15rem;--padding-right:0;--padding-bottom:6.5rem;--padding-left:0\" class=\"wp-block-studio14-blocks-section-block\">\n<div style=\"--background-color:transparent;--width:100%;--max-width:69rem;--margin-top:;--margin-right:auto;--margin-bottom:0;--margin-left:auto;--padding-top:5.5rem;--padding-right:8.625rem;--padding-bottom:;--padding-left:8.625rem\" class=\"wp-block-studio14-blocks-section-block about-landing-community\">\n<div class=\"wp-block-studio14-blocks-columns-block has-2-columns\" style=\"--columns-desktop:2px;--columns-tablet:2px;--columns-mobile:1px;--column-gap-desktop:20px;--column-gap-tablet:15px;--column-gap-mobile:10px;--justify-content-desktop:;--justify-content-tablet:;--justify-content-mobile:;--align-items-desktop:;--align-items-tablet:;--align-items-mobile:;--flex-direction-desktop:column;--flex-direction-tablet:row;--flex-direction-mobile:column\">\n<div style=\"--background-color:transparent;--width:;--max-width:;--margin-top:0;--margin-right:;--margin-bottom:0;--margin-left:;--padding-top:0;--padding-right:0;--padding-bottom:0;--padding-left:0\" class=\"wp-block-studio14-blocks-section-block\">\n<h2 class=\"wp-block-heading about-landing-community-heading\" style=\"--custom-fontfamily:&quot;Source Serif 4&quot;, sans-serif\">Construimos una comunidad de modelos de conducta.<\/h2>\n<\/div>\n\n\n\n<div style=\"--background-color:transparent;--width:100%;--max-width:;--margin-top:0;--margin-right:auto;--margin-bottom:0;--margin-left:;--padding-top:0;--padding-right:0;--padding-bottom:0;--padding-left:0\" class=\"wp-block-studio14-blocks-section-block about-landing-textblock-body\">\n<p class=\"about-landing-community-body\" style=\"--custom-fontfamily:&quot;Source Serif 4&quot;, sans-serif;--custom-fontsize:1.125rem;--custom-lineheight:1.75rem\">La red de antiguos alumnos del UWC es de casi 60.000, y nuestros antiguos alumnos se encuentran en todos los rincones del mundo. Cada graduado sigue un camino distinto, en funci\u00f3n de sus intereses y talentos. Pero cada uno de ellos lleva consigo el esp\u00edritu del CMU, realizando grandes y peque\u00f1os cambios mediante la acci\u00f3n valiente, el ejemplo personal y el liderazgo desinteresado.<\/p>\n<\/div>\n<\/div>\n<\/div>\n<\/div>\n","protected":false},"excerpt":{"rendered":"","protected":false},"author":1,"featured_media":0,"parent":5520,"menu_order":0,"comment_status":"closed","ping_status":"closed","template":"","meta":{"_acf_changed":false,"subsite_url":"","footnotes":""},"class_list":["post-5530","page","type-page","status-publish","hentry"],"acf":[],"yoast_head":"<!-- This site is optimized with the Yoast SEO Premium plugin v25.7.1 (Yoast SEO v25.9) - https:\/\/yoast.com\/wordpress\/plugins\/seo\/ -->\n<title>\u00bfQu\u00e9 es el CMU? - United World College<\/title>\n<meta name=\"robots\" content=\"noindex, follow, max-snippet:-1, max-image-preview:large, max-video-preview:-1\" \/>\n<meta property=\"og:locale\" content=\"es_ES\" \/>\n<meta property=\"og:type\" content=\"article\" \/>\n<meta property=\"og:title\" content=\"\u00bfQu\u00e9 es el CMU?\" \/>\n<meta property=\"og:url\" content=\"https:\/\/dev.uwcstaging.co.uk\/es\/quienes-somos\/que-es-el-cmu\/\" \/>\n<meta property=\"og:site_name\" content=\"United World College\" \/>\n<meta property=\"article:modified_time\" content=\"2025-07-24T19:27:54+00:00\" \/>\n<meta property=\"og:image\" content=\"https:\/\/dev.uwcstaging.co.uk\/wp-content\/uploads\/2024\/09\/about-uwc-banner-1024x309.png\" \/>\n<meta name=\"twitter:card\" content=\"summary_large_image\" \/>\n<meta name=\"twitter:label1\" content=\"Tiempo de lectura\" \/>\n\t<meta name=\"twitter:data1\" content=\"2 minutos\" \/>\n<script type=\"application\/ld+json\" class=\"yoast-schema-graph\">{\"@context\":\"https:\/\/schema.org\",\"@graph\":[{\"@type\":\"WebPage\",\"@id\":\"https:\/\/dev.uwcstaging.co.uk\/es\/quienes-somos\/que-es-el-cmu\/\",\"url\":\"https:\/\/dev.uwcstaging.co.uk\/es\/quienes-somos\/que-es-el-cmu\/\",\"name\":\"\u00bfQu\u00e9 es el CMU? - United World College\",\"isPartOf\":{\"@id\":\"https:\/\/dev.uwcstaging.co.uk\/es\/#website\"},\"primaryImageOfPage\":{\"@id\":\"https:\/\/dev.uwcstaging.co.uk\/es\/quienes-somos\/que-es-el-cmu\/#primaryimage\"},\"image\":{\"@id\":\"https:\/\/dev.uwcstaging.co.uk\/es\/quienes-somos\/que-es-el-cmu\/#primaryimage\"},\"thumbnailUrl\":\"https:\/\/dev.uwcstaging.co.uk\/wp-content\/uploads\/2024\/09\/about-uwc-banner-1024x309.png\",\"datePublished\":\"2024-09-18T14:08:52+00:00\",\"dateModified\":\"2025-07-24T19:27:54+00:00\",\"breadcrumb\":{\"@id\":\"https:\/\/dev.uwcstaging.co.uk\/es\/quienes-somos\/que-es-el-cmu\/#breadcrumb\"},\"inLanguage\":\"es\",\"potentialAction\":[{\"@type\":\"ReadAction\",\"target\":[\"https:\/\/dev.uwcstaging.co.uk\/es\/quienes-somos\/que-es-el-cmu\/\"]}]},{\"@type\":\"ImageObject\",\"inLanguage\":\"es\",\"@id\":\"https:\/\/dev.uwcstaging.co.uk\/es\/quienes-somos\/que-es-el-cmu\/#primaryimage\",\"url\":\"https:\/\/dev.uwcstaging.co.uk\/wp-content\/uploads\/2024\/09\/about-uwc-banner-1024x309.png\",\"contentUrl\":\"https:\/\/dev.uwcstaging.co.uk\/wp-content\/uploads\/2024\/09\/about-uwc-banner-1024x309.png\"},{\"@type\":\"BreadcrumbList\",\"@id\":\"https:\/\/dev.uwcstaging.co.uk\/es\/quienes-somos\/que-es-el-cmu\/#breadcrumb\",\"itemListElement\":[{\"@type\":\"ListItem\",\"position\":1,\"name\":\"Home\",\"item\":\"https:\/\/dev.uwcstaging.co.uk\/es\/\"},{\"@type\":\"ListItem\",\"position\":2,\"name\":\"\u00bfQu\u00e9 es el CMU?\"}]},{\"@type\":\"WebSite\",\"@id\":\"https:\/\/dev.uwcstaging.co.uk\/es\/#website\",\"url\":\"https:\/\/dev.uwcstaging.co.uk\/es\/\",\"name\":\"United World College\",\"description\":\"\",\"potentialAction\":[{\"@type\":\"SearchAction\",\"target\":{\"@type\":\"EntryPoint\",\"urlTemplate\":\"https:\/\/dev.uwcstaging.co.uk\/es\/?s={search_term_string}\"},\"query-input\":{\"@type\":\"PropertyValueSpecification\",\"valueRequired\":true,\"valueName\":\"search_term_string\"}}],\"inLanguage\":\"es\"}]}<\/script>\n<!-- \/ Yoast SEO Premium plugin. -->","yoast_head_json":{"title":"\u00bfQu\u00e9 es el CMU? - United World College","robots":{"index":"noindex","follow":"follow","max-snippet":"max-snippet:-1","max-image-preview":"max-image-preview:large","max-video-preview":"max-video-preview:-1"},"og_locale":"es_ES","og_type":"article","og_title":"\u00bfQu\u00e9 es el CMU?","og_url":"https:\/\/dev.uwcstaging.co.uk\/es\/quienes-somos\/que-es-el-cmu\/","og_site_name":"United World College","article_modified_time":"2025-07-24T19:27:54+00:00","og_image":[{"url":"https:\/\/dev.uwcstaging.co.uk\/wp-content\/uploads\/2024\/09\/about-uwc-banner-1024x309.png","type":"","width":"","height":""}],"twitter_card":"summary_large_image","twitter_misc":{"Tiempo de lectura":"2 minutos"},"schema":{"@context":"https:\/\/schema.org","@graph":[{"@type":"WebPage","@id":"https:\/\/dev.uwcstaging.co.uk\/es\/quienes-somos\/que-es-el-cmu\/","url":"https:\/\/dev.uwcstaging.co.uk\/es\/quienes-somos\/que-es-el-cmu\/","name":"\u00bfQu\u00e9 es el CMU? - United World College","isPartOf":{"@id":"https:\/\/dev.uwcstaging.co.uk\/es\/#website"},"primaryImageOfPage":{"@id":"https:\/\/dev.uwcstaging.co.uk\/es\/quienes-somos\/que-es-el-cmu\/#primaryimage"},"image":{"@id":"https:\/\/dev.uwcstaging.co.uk\/es\/quienes-somos\/que-es-el-cmu\/#primaryimage"},"thumbnailUrl":"https:\/\/dev.uwcstaging.co.uk\/wp-content\/uploads\/2024\/09\/about-uwc-banner-1024x309.png","datePublished":"2024-09-18T14:08:52+00:00","dateModified":"2025-07-24T19:27:54+00:00","breadcrumb":{"@id":"https:\/\/dev.uwcstaging.co.uk\/es\/quienes-somos\/que-es-el-cmu\/#breadcrumb"},"inLanguage":"es","potentialAction":[{"@type":"ReadAction","target":["https:\/\/dev.uwcstaging.co.uk\/es\/quienes-somos\/que-es-el-cmu\/"]}]},{"@type":"ImageObject","inLanguage":"es","@id":"https:\/\/dev.uwcstaging.co.uk\/es\/quienes-somos\/que-es-el-cmu\/#primaryimage","url":"https:\/\/dev.uwcstaging.co.uk\/wp-content\/uploads\/2024\/09\/about-uwc-banner-1024x309.png","contentUrl":"https:\/\/dev.uwcstaging.co.uk\/wp-content\/uploads\/2024\/09\/about-uwc-banner-1024x309.png"},{"@type":"BreadcrumbList","@id":"https:\/\/dev.uwcstaging.co.uk\/es\/quienes-somos\/que-es-el-cmu\/#breadcrumb","itemListElement":[{"@type":"ListItem","position":1,"name":"Home","item":"https:\/\/dev.uwcstaging.co.uk\/es\/"},{"@type":"ListItem","position":2,"name":"\u00bfQu\u00e9 es el CMU?"}]},{"@type":"WebSite","@id":"https:\/\/dev.uwcstaging.co.uk\/es\/#website","url":"https:\/\/dev.uwcstaging.co.uk\/es\/","name":"United World College","description":"","potentialAction":[{"@type":"SearchAction","target":{"@type":"EntryPoint","urlTemplate":"https:\/\/dev.uwcstaging.co.uk\/es\/?s={search_term_string}"},"query-input":{"@type":"PropertyValueSpecification","valueRequired":true,"valueName":"search_term_string"}}],"inLanguage":"es"}]}},"_links":{"self":[{"href":"https:\/\/dev.uwcstaging.co.uk\/es\/wp-json\/wp\/v2\/pages\/5530","targetHints":{"allow":["GET"]}}],"collection":[{"href":"https:\/\/dev.uwcstaging.co.uk\/es\/wp-json\/wp\/v2\/pages"}],"about":[{"href":"https:\/\/dev.uwcstaging.co.uk\/es\/wp-json\/wp\/v2\/types\/page"}],"author":[{"embeddable":true,"href":"https:\/\/dev.uwcstaging.co.uk\/es\/wp-json\/wp\/v2\/users\/1"}],"replies":[{"embeddable":true,"href":"https:\/\/dev.uwcstaging.co.uk\/es\/wp-json\/wp\/v2\/comments?post=5530"}],"version-history":[{"count":2,"href":"https:\/\/dev.uwcstaging.co.uk\/es\/wp-json\/wp\/v2\/pages\/5530\/revisions"}],"predecessor-version":[{"id":5532,"href":"https:\/\/dev.uwcstaging.co.uk\/es\/wp-json\/wp\/v2\/pages\/5530\/revisions\/5532"}],"up":[{"embeddable":true,"href":"https:\/\/dev.uwcstaging.co.uk\/es\/wp-json\/wp\/v2\/pages\/5520"}],"wp:attachment":[{"href":"https:\/\/dev.uwcstaging.co.uk\/es\/wp-json\/wp\/v2\/media?parent=5530"}],"curies":[{"name":"wp","href":"https:\/\/api.w.org\/{rel}","templated":true}]}}