{"id":5527,"date":"2024-09-18T14:46:51","date_gmt":"2024-09-18T13:46:51","guid":{"rendered":"https:\/\/dev.uwcstaging.co.uk\/pagina-de-inicio\/"},"modified":"2025-03-24T12:50:54","modified_gmt":"2025-03-24T12:50:54","slug":"pagina-de-inicio","status":"publish","type":"page","link":"https:\/\/dev.uwcstaging.co.uk\/es\/","title":{"rendered":"P\u00e1gina de inicio"},"content":{"rendered":"        <section class=\"home-banner-form-container\" data-wpml-title=\"How can we help you?\" >\n            <div class=\"home-banner-form__wrapper\">\n                <div class=\"home-banner-form__container\">\n                    <div class=\"home-banner-form__header\">\n                        <p class=\"home-banner-form-title\">How can we help you?<\/p>\n                        <button class=\"home-banner-form__header-button\" type=\"button\">\n                            <span id=\"collapse\">Collapse<\/span>\n                            <span id=\"expand\">Expand<\/span>\n                        <\/button>\n                    <\/div>\n                    <form class=\"home-banner-form\" id=\"select-form\">\n                        <custom-select class=\"home-banner-form-select\" id=\"first-select\">\n                            <select name=\"individual\" id=\"individual-select\">\n                                <option value=\"\">\n                                    What best describes you?                                <\/option>\n                                                                                                            <option value=\"i&#039;m_a_student\">\n                                            I&#039;m a student                                        <\/option>\n                                                                            <option value=\"i&#039;m_a_teacher\">\n                                            I&#039;m a teacher                                        <\/option>\n                                                                                                <\/select>\n                        <\/custom-select>\n                        <custom-select class=\"home-banner-form-select\" id=\"second-select\">\n                            <select name=\"second\" id=\"second-select-element\">\n                                <option value=\"\">\n                                    How can we help you?                                <\/option>\n                            <\/select>\n                        <\/custom-select>\n                                            <\/form>\n                <\/div>\n            <\/div>\n        <\/section>\n        \n<div style=\"--background-color:transparent;--width:;--max-width:;--margin-top:0;--margin-right:aut;--margin-bottom:0;--margin-left:;--padding-top:0;--padding-right:0;--padding-bottom:0;--padding-left:0\" class=\"wp-block-studio14-blocks-section-block home-about\">\n<h2 class=\"wp-block-heading home-about-title\" style=\"--custom-fontfamily:&quot;Source Serif 4&quot;, sans-serif\">UWC<\/h2>\n\n\n\n<h3 class=\"wp-block-heading home-about-subtitle\" style=\"--custom-fontfamily:&quot;Source Serif 4&quot;, sans-serif\">Una educaci\u00f3n global hecha aqu\u00ed.<\/h3>\n\n\n\n<div style=\"--background-color:transparent;--width:;--max-width:;--margin-top:0;--margin-right:;--margin-bottom:0;--margin-left:;--padding-top:0;--padding-right:0;--padding-bottom:0;--padding-left:0\" class=\"wp-block-studio14-blocks-section-block home-about-content\">\n          \n\n          <div class=\"home-about-image__wrapper\">\n            <img decoding=\"async\" alt=\"\" src=\"https:\/\/dev.uwcstaging.co.uk\/wp-content\/uploads\/2024\/09\/homepage-blog-placeholder-2.png\" class=\"home-about-image\">\n            <div class=\"home-about-image-text__wrapper\">\n              <p class=\"home-about-image-text\">En el UWC, nuestra misi\u00f3n es inspirar a los j\u00f3venes para que pongan su talento y su energ\u00eda al servicio del cambio en todo el mundo, sea cual sea el camino que elijan en el futuro.<\/p>\n              <a class=\"home-about-image-text__readmore\" href=\"https:\/\/dev.uwcstaging.co.uk\/es\/?page_id=5530\">Leer m\u00e1s<\/a>\n            <\/div>\n          <\/div>\n          \n\n        \n\n\n\n          \n\n          <section class=\"wp-block-studio14-blocks-statistics-block\" data-wpml-stats=\"Array\" data-wpml-translate=\"1\">\n            <div>\n              <div class=\"home-about-stats\">\n                <div class=\"home-about-stats-card\">\n                  <h4 class=\"home-about-stats__value\">90%<\/h4>\n                  <p class=\"home-about-stats__title\">Trabaja o estudia un posgrado<\/p>\n                <\/div>\n                <div class=\"home-about-stats-card\">\n                  <h4 class=\"home-about-stats__value\">TOP 100<\/h4>\n                  <p class=\"home-about-stats__title\">En todo el mundo por la satisfacci\u00f3n de los estudiantes<\/p>\n                <\/div>\n                <div class=\"home-about-stats-card\">\n                  <h4 class=\"home-about-stats__value\">3 millones de d\u00f3lares<\/h4>\n                  <p class=\"home-about-stats__title\">Becas concedidas a estudiantes de la UWC<\/p>\n                <\/div>\n                <div class=\"home-about-stats-card\">\n                  <h4 class=\"home-about-stats__value\">95%<\/h4>\n                  <p class=\"home-about-stats__title\">Trabaja o estudia un posgrado<\/p>\n                <\/div>\n                <div class=\"home-about-stats-card\">\n                  <h4 class=\"home-about-stats__value\">5 millones de d\u00f3lares<\/h4>\n                  <p class=\"home-about-stats__title\">Donados por nuestros socios durante el \u00faltimo ejercicio<\/p>\n                <\/div>\n              <\/div>\n            <\/div>\n          <\/section>\n          \n\n        \n<\/div>\n<\/div>\n            <section class=\"home-impact__wrapper\">\n                <div class=\"home-impact\">\n                    <div class=\"home-impact__header\">\n                        <div>\n                            <h3 class=\"home-impact__title\">\n                                The impact of UWC                            <\/h3>\n                            <p class=\"home-impact__subtitle\">\n                                                            <\/p>\n                        <\/div>\n                        <div class=\"home-impact-filter__wrapper\">\n                                                            <button class=\"home-impact-filter active \" data-option=\"1\" type=\"button\"> \n                                     \n                                    <\/button>\n                                                            <button class=\"home-impact-filter  \" data-option=\"1\" type=\"button\"> \n                                    Education \n                                    <\/button>\n                                                            <button class=\"home-impact-filter  \" data-option=\"1\" type=\"button\"> \n                                    Education \n                                    <\/button>\n                                                    <\/div>\n                    <\/div>\n                    <div class=\"home-impact-carousel__wrapper\">\n                        <div class=\"home-impact-carousel\" id=\"uwc-carousel\" data-pos=\"0\">\n\n                            <div class='home-impact-carousel__card' data-is-carousel='true'>\n                    <img src='https:\/\/dev.uwcstaging.co.uk\/wp-content\/themes\/uwc-wp\/assets\/images\/background_default_image.jpg' alt='' class='home-impact-carousel__image'>\n                    <div class='home-impact-carousel__description'>\n                        <h4 class='home-impact-carousel__title'>Test story<\/h4>\n                        <p class='home-impact-carousel__subtitle'>test<\/p>\n                        <a href='https:\/\/dev.uwcstaging.co.uk\/es\/impact-story\/test-story\/' class='home-impact-carousel__link'>\n                            <div class='home-impact-carousel__link-icon'>\n                                <svg width='14' height='23' viewBox='0 0 14 23' fill='none' xmlns='http:\/\/www.w3.org\/2000\/svg'>\n                                    <path d='M2.4165 20.4585L11.3748 11.5002L2.4165 2.54183' stroke='currentColor' stroke-width='4' stroke-linecap='round' stroke-linejoin='round'><\/path>\n                                <\/svg>\n                            <\/div>\n                        Read more\n                        <\/a>\n                    <\/div>\n            <\/div><div class='home-impact-carousel__card' data-is-carousel='true'>\n                    <img src='' alt='' class='home-impact-carousel__image'>\n                    <div class='home-impact-carousel__description'>\n                        <h4 class='home-impact-carousel__title'>Supporting youth-led innovation: Leontina\u2019s story for World You&#8230;<\/h4>\n                        <p class='home-impact-carousel__subtitle'>(Leontina Trajkoska, Macedonia, UWC Costa Rica 2024-2026) Every year on 15 July, World Youth Skills Day highlights how vital it is to give young people [&hellip;]<\/p>\n                        <a href='https:\/\/dev.uwcstaging.co.uk\/es\/impact-story\/supporting-youth-led-innovation-leontinas-story-for-world-youth-skills-day\/' class='home-impact-carousel__link'>\n                            <div class='home-impact-carousel__link-icon'>\n                                <svg width='14' height='23' viewBox='0 0 14 23' fill='none' xmlns='http:\/\/www.w3.org\/2000\/svg'>\n                                    <path d='M2.4165 20.4585L11.3748 11.5002L2.4165 2.54183' stroke='currentColor' stroke-width='4' stroke-linecap='round' stroke-linejoin='round'><\/path>\n                                <\/svg>\n                            <\/div>\n                        Read more\n                        <\/a>\n                    <\/div>\n            <\/div><div class='home-impact-carousel__card' data-is-carousel='true'>\n                    <img src='' alt='' class='home-impact-carousel__image'>\n                    <div class='home-impact-carousel__description'>\n                        <h4 class='home-impact-carousel__title'>International Women&#8217;s History Month spotlight: Emihle Dlami&#8230;<\/h4>\n                        <p class='home-impact-carousel__subtitle'>Emihle Dlamini (Eswatini, Waterford Kamhlaba United World College of Southern Africa,\u00a02024-2026) In honour of International Women\u2019s History Month and International Women\u2019s Day (8 March), UWC [&hellip;]<\/p>\n                        <a href='https:\/\/dev.uwcstaging.co.uk\/es\/impact-story\/international-womens-history-month-spotlight-emihle-dlamini\/' class='home-impact-carousel__link'>\n                            <div class='home-impact-carousel__link-icon'>\n                                <svg width='14' height='23' viewBox='0 0 14 23' fill='none' xmlns='http:\/\/www.w3.org\/2000\/svg'>\n                                    <path d='M2.4165 20.4585L11.3748 11.5002L2.4165 2.54183' stroke='currentColor' stroke-width='4' stroke-linecap='round' stroke-linejoin='round'><\/path>\n                                <\/svg>\n                            <\/div>\n                        Read more\n                        <\/a>\n                    <\/div>\n            <\/div>                        <\/div>\n                    <\/div>\n                <\/div>\n            <\/section>\n            \n<div style=\"--background-color:transparent;--width:;--max-width:;--margin-top:0;--margin-right:0;--margin-bottom:0;--margin-left:0;--padding-top:0;--padding-right:0;--padding-bottom:0;--padding-left:0\" class=\"wp-block-studio14-blocks-section-block\">\n<div style=\"--background-color:transparent;--width:100%;--max-width:90rem;--margin-top:0;--margin-right:auto;--margin-bottom:0;--margin-left:auto;--padding-top:6rem;--padding-right:8.625rem;--padding-right-mobile:1.5rem;--padding-bottom:10.5rem;--padding-left:8.625rem;--padding-left-mobile:1.5rem\" class=\"wp-block-studio14-blocks-section-block\">\n<div class=\"wp-block-studio14-blocks-columns-block has-2-columns\" style=\"--columns-desktop:2px;--columns-tablet:2px;--columns-mobile:1px;--column-gap-desktop:25px;--column-gap-tablet:15px;--column-gap-mobile:10px;--justify-content-desktop:;--justify-content-tablet:;--justify-content-mobile:;--align-items-desktop:center;--align-items-tablet:;--align-items-mobile:;--flex-direction-desktop:row;--flex-direction-tablet:row;--flex-direction-mobile:column\">\n<div style=\"--background-color:transparent;--width:100%;--max-width:28.9375rem;--margin-top:0;--margin-right:auto;--margin-bottom:0;--margin-left:auto;--padding-top:0;--padding-right:0;--padding-bottom:0;--padding-left:0\" class=\"wp-block-studio14-blocks-section-block\">\n<h2 class=\"wp-block-heading home-sponsors__title\" style=\"--custom-fontfamily:&quot;Source Serif 4&quot;, sans-serif\">Un poco sobre nuestro trabajo en UWC<\/h2>\n\n\n\n<div style=\"height:20px\" aria-hidden=\"true\" class=\"wp-block-spacer\"><\/div>\n\n\n\n<p class=\"home-sponsors__subtitle\">Amet minim mollit non deserunt ullamco est sit aliqua dolor do amet sint. Velit officia consequat duis enim velit mollit. <\/p>\n\n\n\n          \n\n          <a href=\"#\" target=\"_self\" class=\"wp-block-studio14-blocks-button-block home-sponsors__link\" rel=\"noopener\">Dona<\/a>\n          \n\n        \n<\/div>\n\n\n\n<div style=\"--background-color:transparent;--width:100%;--max-width:36.5rem;--margin-top:0;--margin-right:0;--margin-bottom:0;--margin-left:0;--padding-top:0;--padding-right:0;--padding-bottom:0;--padding-left:0\" class=\"wp-block-studio14-blocks-section-block\">\n          \n\n          <div class=\"home-sponsors__list\">\n            <div class=\"home-sponsors__item\">\n              <img decoding=\"async\" src=\"https:\/\/dev.uwcstaging.co.uk\/wp-content\/uploads\/2024\/09\/homepage-sponsors-placeholder-5.png\" alt=\"\" title=\"Patrocinador del CMU\">\n            <\/div>\n            <div class=\"home-sponsors__item\">\n              <img decoding=\"async\" src=\"https:\/\/dev.uwcstaging.co.uk\/wp-content\/uploads\/2024\/09\/homepage-sponsors-placeholder-1-1.png\" alt=\"\" title=\"Patrocinador del CMU\">\n            <\/div>\n            <div class=\"home-sponsors__item\">\n              <img decoding=\"async\" src=\"https:\/\/dev.uwcstaging.co.uk\/wp-content\/uploads\/2024\/09\/homepage-sponsors-placeholder-2-1.png\" alt=\"\" title=\"Patrocinador del CMU\">\n            <\/div>\n            <div class=\"home-sponsors__item\">\n              <img decoding=\"async\" src=\"https:\/\/dev.uwcstaging.co.uk\/wp-content\/uploads\/2024\/09\/homepage-sponsors-placeholder-4.png\" alt=\"\" title=\"Patrocinador del CMU\">\n            <\/div>\n            <div class=\"home-sponsors__item\">\n              <img decoding=\"async\" src=\"https:\/\/dev.uwcstaging.co.uk\/wp-content\/uploads\/2024\/09\/homepage-sponsors-placeholder-6.png\" alt=\"\" title=\"Patrocinador del CMU\">\n            <\/div>\n            <div class=\"home-sponsors__item\">\n              <img decoding=\"async\" src=\"https:\/\/dev.uwcstaging.co.uk\/wp-content\/uploads\/2024\/09\/homepage-sponsors-placeholder-3-1.png\" alt=\"\" title=\"Patrocinador del CMU\">\n            <\/div>\n          <\/div>\n          \n\n        \n<\/div>\n<\/div>\n<\/div>\n<\/div>\n","protected":false},"excerpt":{"rendered":"","protected":false},"author":1,"featured_media":0,"parent":0,"menu_order":0,"comment_status":"closed","ping_status":"closed","template":"","meta":{"_acf_changed":false,"subsite_url":"","footnotes":""},"class_list":["post-5527","page","type-page","status-publish","hentry"],"acf":[],"yoast_head":"<!-- This site is optimized with the Yoast SEO Premium plugin v25.7.1 (Yoast SEO v25.9) - https:\/\/yoast.com\/wordpress\/plugins\/seo\/ -->\n<title>P\u00e1gina de inicio - United World College<\/title>\n<meta name=\"robots\" content=\"noindex, follow, max-snippet:-1, max-image-preview:large, max-video-preview:-1\" \/>\n<meta property=\"og:locale\" content=\"es_ES\" \/>\n<meta property=\"og:type\" content=\"article\" \/>\n<meta property=\"og:title\" content=\"P\u00e1gina de inicio\" \/>\n<meta property=\"og:url\" content=\"https:\/\/dev.uwcstaging.co.uk\/es\/\" \/>\n<meta property=\"og:site_name\" content=\"United World College\" \/>\n<meta property=\"article:modified_time\" content=\"2025-03-24T12:50:54+00:00\" \/>\n<meta property=\"og:image\" content=\"https:\/\/dev.uwcstaging.co.uk\/wp-content\/uploads\/2024\/09\/homepage-blog-placeholder-2.png\" \/>\n<meta name=\"twitter:card\" content=\"summary_large_image\" \/>\n<meta name=\"twitter:label1\" content=\"Tiempo de lectura\" \/>\n\t<meta name=\"twitter:data1\" content=\"1 minuto\" \/>\n<script type=\"application\/ld+json\" class=\"yoast-schema-graph\">{\"@context\":\"https:\/\/schema.org\",\"@graph\":[{\"@type\":\"WebPage\",\"@id\":\"https:\/\/dev.uwcstaging.co.uk\/es\/\",\"url\":\"https:\/\/dev.uwcstaging.co.uk\/es\/\",\"name\":\"P\u00e1gina de inicio - United World College\",\"isPartOf\":{\"@id\":\"https:\/\/dev.uwcstaging.co.uk\/es\/#website\"},\"primaryImageOfPage\":{\"@id\":\"https:\/\/dev.uwcstaging.co.uk\/es\/#primaryimage\"},\"image\":{\"@id\":\"https:\/\/dev.uwcstaging.co.uk\/es\/#primaryimage\"},\"thumbnailUrl\":\"https:\/\/dev.uwcstaging.co.uk\/wp-content\/uploads\/2024\/09\/homepage-blog-placeholder-2.png\",\"datePublished\":\"2024-09-18T13:46:51+00:00\",\"dateModified\":\"2025-03-24T12:50:54+00:00\",\"breadcrumb\":{\"@id\":\"https:\/\/dev.uwcstaging.co.uk\/es\/#breadcrumb\"},\"inLanguage\":\"es\",\"potentialAction\":[{\"@type\":\"ReadAction\",\"target\":[\"https:\/\/dev.uwcstaging.co.uk\/es\/\"]}]},{\"@type\":\"ImageObject\",\"inLanguage\":\"es\",\"@id\":\"https:\/\/dev.uwcstaging.co.uk\/es\/#primaryimage\",\"url\":\"https:\/\/dev.uwcstaging.co.uk\/wp-content\/uploads\/2024\/09\/homepage-blog-placeholder-2.png\",\"contentUrl\":\"https:\/\/dev.uwcstaging.co.uk\/wp-content\/uploads\/2024\/09\/homepage-blog-placeholder-2.png\"},{\"@type\":\"BreadcrumbList\",\"@id\":\"https:\/\/dev.uwcstaging.co.uk\/es\/#breadcrumb\",\"itemListElement\":[{\"@type\":\"ListItem\",\"position\":1,\"name\":\"Home\",\"item\":\"https:\/\/dev.uwcstaging.co.uk\/es\/\"},{\"@type\":\"ListItem\",\"position\":2,\"name\":\"P\u00e1gina de inicio\"}]},{\"@type\":\"WebSite\",\"@id\":\"https:\/\/dev.uwcstaging.co.uk\/es\/#website\",\"url\":\"https:\/\/dev.uwcstaging.co.uk\/es\/\",\"name\":\"United World College\",\"description\":\"\",\"potentialAction\":[{\"@type\":\"SearchAction\",\"target\":{\"@type\":\"EntryPoint\",\"urlTemplate\":\"https:\/\/dev.uwcstaging.co.uk\/es\/?s={search_term_string}\"},\"query-input\":{\"@type\":\"PropertyValueSpecification\",\"valueRequired\":true,\"valueName\":\"search_term_string\"}}],\"inLanguage\":\"es\"}]}<\/script>\n<!-- \/ Yoast SEO Premium plugin. -->","yoast_head_json":{"title":"P\u00e1gina de inicio - United World College","robots":{"index":"noindex","follow":"follow","max-snippet":"max-snippet:-1","max-image-preview":"max-image-preview:large","max-video-preview":"max-video-preview:-1"},"og_locale":"es_ES","og_type":"article","og_title":"P\u00e1gina de inicio","og_url":"https:\/\/dev.uwcstaging.co.uk\/es\/","og_site_name":"United World College","article_modified_time":"2025-03-24T12:50:54+00:00","og_image":[{"url":"https:\/\/dev.uwcstaging.co.uk\/wp-content\/uploads\/2024\/09\/homepage-blog-placeholder-2.png","type":"","width":"","height":""}],"twitter_card":"summary_large_image","twitter_misc":{"Tiempo de lectura":"1 minuto"},"schema":{"@context":"https:\/\/schema.org","@graph":[{"@type":"WebPage","@id":"https:\/\/dev.uwcstaging.co.uk\/es\/","url":"https:\/\/dev.uwcstaging.co.uk\/es\/","name":"P\u00e1gina de inicio - United World College","isPartOf":{"@id":"https:\/\/dev.uwcstaging.co.uk\/es\/#website"},"primaryImageOfPage":{"@id":"https:\/\/dev.uwcstaging.co.uk\/es\/#primaryimage"},"image":{"@id":"https:\/\/dev.uwcstaging.co.uk\/es\/#primaryimage"},"thumbnailUrl":"https:\/\/dev.uwcstaging.co.uk\/wp-content\/uploads\/2024\/09\/homepage-blog-placeholder-2.png","datePublished":"2024-09-18T13:46:51+00:00","dateModified":"2025-03-24T12:50:54+00:00","breadcrumb":{"@id":"https:\/\/dev.uwcstaging.co.uk\/es\/#breadcrumb"},"inLanguage":"es","potentialAction":[{"@type":"ReadAction","target":["https:\/\/dev.uwcstaging.co.uk\/es\/"]}]},{"@type":"ImageObject","inLanguage":"es","@id":"https:\/\/dev.uwcstaging.co.uk\/es\/#primaryimage","url":"https:\/\/dev.uwcstaging.co.uk\/wp-content\/uploads\/2024\/09\/homepage-blog-placeholder-2.png","contentUrl":"https:\/\/dev.uwcstaging.co.uk\/wp-content\/uploads\/2024\/09\/homepage-blog-placeholder-2.png"},{"@type":"BreadcrumbList","@id":"https:\/\/dev.uwcstaging.co.uk\/es\/#breadcrumb","itemListElement":[{"@type":"ListItem","position":1,"name":"Home","item":"https:\/\/dev.uwcstaging.co.uk\/es\/"},{"@type":"ListItem","position":2,"name":"P\u00e1gina de inicio"}]},{"@type":"WebSite","@id":"https:\/\/dev.uwcstaging.co.uk\/es\/#website","url":"https:\/\/dev.uwcstaging.co.uk\/es\/","name":"United World College","description":"","potentialAction":[{"@type":"SearchAction","target":{"@type":"EntryPoint","urlTemplate":"https:\/\/dev.uwcstaging.co.uk\/es\/?s={search_term_string}"},"query-input":{"@type":"PropertyValueSpecification","valueRequired":true,"valueName":"search_term_string"}}],"inLanguage":"es"}]}},"_links":{"self":[{"href":"https:\/\/dev.uwcstaging.co.uk\/es\/wp-json\/wp\/v2\/pages\/5527","targetHints":{"allow":["GET"]}}],"collection":[{"href":"https:\/\/dev.uwcstaging.co.uk\/es\/wp-json\/wp\/v2\/pages"}],"about":[{"href":"https:\/\/dev.uwcstaging.co.uk\/es\/wp-json\/wp\/v2\/types\/page"}],"author":[{"embeddable":true,"href":"https:\/\/dev.uwcstaging.co.uk\/es\/wp-json\/wp\/v2\/users\/1"}],"replies":[{"embeddable":true,"href":"https:\/\/dev.uwcstaging.co.uk\/es\/wp-json\/wp\/v2\/comments?post=5527"}],"version-history":[{"count":3,"href":"https:\/\/dev.uwcstaging.co.uk\/es\/wp-json\/wp\/v2\/pages\/5527\/revisions"}],"predecessor-version":[{"id":5681,"href":"https:\/\/dev.uwcstaging.co.uk\/es\/wp-json\/wp\/v2\/pages\/5527\/revisions\/5681"}],"wp:attachment":[{"href":"https:\/\/dev.uwcstaging.co.uk\/es\/wp-json\/wp\/v2\/media?parent=5527"}],"curies":[{"name":"wp","href":"https:\/\/api.w.org\/{rel}","templated":true}]}}